{"id":10883,"date":"2014-10-11T14:58:50","date_gmt":"2014-10-11T14:58:50","guid":{"rendered":"http:\/\/avada.theme-fusion.com_demos\/portfolio\/?page_id=10883"},"modified":"2019-07-31T14:06:21","modified_gmt":"2019-07-31T12:06:21","slug":"about-us","status":"publish","type":"page","link":"https:\/\/ukjkkl.edu.pl\/","title":{"rendered":"O komisji"},"content":{"rendered":"<div class=\"fusion-fullwidth fullwidth-box fusion-builder-row-1 nonhundred-percent-fullwidth non-hundred-percent-height-scrolling\" style=\"background-color: rgba(255,255,255,0.5);background-position: left top;background-repeat: no-repeat;padding-top:0px;padding-right:0px;padding-bottom:50px;padding-left:0px;margin-bottom: 0px;margin-top: 0px;border-width: 0px 0px 0px 0px;border-color:#eae9e9;border-style:solid;\" ><div class=\"fusion-builder-row fusion-row\"><div class=\"fusion-layout-column fusion_builder_column fusion-builder-column-0 fusion_builder_column_1_1 1_1 fusion-one-full fusion-column-first fusion-column-last fusion-column-no-min-height\" style=\"margin-top:0px;margin-bottom:0px;\"><div class=\"fusion-column-wrapper fusion-flex-column-wrapper-legacy\" style=\"background-position:left top;background-repeat:no-repeat;-webkit-background-size:cover;-moz-background-size:cover;-o-background-size:cover;background-size:cover;padding: 0px 0px 0px 0px;\"><div class=\"fusion-text fusion-text-1\"><h3 style=\"text-align: center;\">O komisji<\/h3>\n<\/div><div class=\"fusion-sep-clear\"><\/div><div class=\"fusion-separator\" style=\"margin-left: auto;margin-right: auto;margin-top:5px;margin-bottom:45px;width:100%;max-width:200px;\"><div class=\"fusion-separator-border sep-single sep-solid\" style=\"border-color:#e0e0e0;border-top-width:1px;\"><\/div><\/div><div class=\"fusion-sep-clear\"><\/div><div class=\"fusion-clearfix\"><\/div><\/div><\/div><div class=\"fusion-layout-column fusion_builder_column fusion-builder-column-1 fusion_builder_column_1_1 1_1 fusion-one-full fusion-column-first fusion-column-last fusion-column-no-min-height\" style=\"margin-top:0px;margin-bottom:0px;\"><div class=\"fusion-column-wrapper fusion-flex-column-wrapper-legacy\" style=\"background-position:left top;background-repeat:no-repeat;-webkit-background-size:cover;-moz-background-size:cover;-o-background-size:cover;background-size:cover;padding: 0px 0px 0px 0px;\"><div class=\"fusion-text fusion-text-2\"><ol>\n<li style=\"margin-bottom: 15px;\">Uniwersytecka Komisja ds. Jako\u015bci Kszta\u0142cenia na Kierunku Lekarskim zwana dalej (UKJKKL), Uchwa\u0142\u0105 KRAUM nr 79\/2016 z dnia 18 marca 2016 r., zosta\u0142a utworzona na bazie Komisji Akredytacyjnej Akademickich Uczelni Medycznych powo\u0142anej uchwa\u0142\u0105 Konferencji Rektor\u00f3w Akademickich Uczelni Medycznych na posiedzeniu w Gda\u0144sku w dniu 07.10.1997 r.<\/li>\n<li style=\"margin-bottom: 15px;\">Dzia\u0142ania UKJKKL opieraj\u0105 si\u0119 o ustaw\u0119 z dnia 27.07.2005 r. \u201ePrawo o szkolnictwie wy\u017cszym\u201d (t.j. Dz. U. 2016 r. poz. 1842) oraz odpowiednie przepisy wydane przez Ministra Zdrowia i Ministra Nauki i Szkolnictwa Wy\u017cszego, jak te\u017c podstawowe dokumenty wewn\u0119trzne, zatwierdzone przez Konferencj\u0119 Rektor\u00f3w Akademickich Uczelni Medycznych.<\/li>\n<li style=\"margin-bottom: 15px;\">UKJKKL jest organem spo\u0142eczno\u015bci Akademickich Uczelni Medycznych, niezale\u017cnym od w\u0142adz pa\u0144stwowych, kt\u00f3rej celem jest dba\u0142o\u015b\u0107 o zachowanie jak najwy\u017cszej jako\u015bci kszta\u0142cenia z uwzgl\u0119dnieniem obowi\u0105zuj\u0105cych przepis\u00f3w prawa polskiego oraz standard\u00f3w i zalece\u0144 mi\u0119dzynarodowych.<\/li>\n<li>UKJKKL jest w\u00a0swych dzia\u0142aniach niezawis\u0142a, jednak d\u0105\u017cy\u0107 b\u0119dzie do wsp\u00f3\u0142pracy z\u00a0innymi instytucjami zajmuj\u0105cymi si\u0119 ocen\u0105 jako\u015bci kszta\u0142cenia i\u00a0akredytacj\u0105.<\/li>\n<\/ol>\n<\/div><div class=\"fusion-clearfix\"><\/div><\/div><\/div><\/div><\/div>\n","protected":false},"excerpt":{"rendered":"","protected":false},"author":1,"featured_media":0,"parent":0,"menu_order":0,"comment_status":"open","ping_status":"open","template":"100-width.php","meta":{"footnotes":""},"_links":{"self":[{"href":"https:\/\/ukjkkl.edu.pl\/index.php?rest_route=\/wp\/v2\/pages\/10883"}],"collection":[{"href":"https:\/\/ukjkkl.edu.pl\/index.php?rest_route=\/wp\/v2\/pages"}],"about":[{"href":"https:\/\/ukjkkl.edu.pl\/index.php?rest_route=\/wp\/v2\/types\/page"}],"author":[{"embeddable":true,"href":"https:\/\/ukjkkl.edu.pl\/index.php?rest_route=\/wp\/v2\/users\/1"}],"replies":[{"embeddable":true,"href":"https:\/\/ukjkkl.edu.pl\/index.php?rest_route=%2Fwp%2Fv2%2Fcomments&post=10883"}],"version-history":[{"count":5,"href":"https:\/\/ukjkkl.edu.pl\/index.php?rest_route=\/wp\/v2\/pages\/10883\/revisions"}],"predecessor-version":[{"id":13552,"href":"https:\/\/ukjkkl.edu.pl\/index.php?rest_route=\/wp\/v2\/pages\/10883\/revisions\/13552"}],"wp:attachment":[{"href":"https:\/\/ukjkkl.edu.pl\/index.php?rest_route=%2Fwp%2Fv2%2Fmedia&parent=10883"}],"curies":[{"name":"wp","href":"https:\/\/api.w.org\/{rel}","templated":true}]}}