{"id":13179,"date":"2017-06-14T14:44:06","date_gmt":"2017-06-14T12:44:06","guid":{"rendered":"http:\/\/ukjkkl.edu.pl\/?page_id=13179"},"modified":"2017-06-21T10:27:10","modified_gmt":"2017-06-21T08:27:10","slug":"regulamin","status":"publish","type":"page","link":"https:\/\/ukjkkl.edu.pl\/?page_id=13179","title":{"rendered":"Regulaminy"},"content":{"rendered":"<div class=\"fusion-fullwidth fullwidth-box fusion-builder-row-1 nonhundred-percent-fullwidth non-hundred-percent-height-scrolling\" style=\"background-color: rgba(255,255,255,0.5);background-position: left top;background-repeat: no-repeat;padding-top:0px;padding-right:0px;padding-bottom:50px;padding-left:0px;margin-bottom: 0px;margin-top: 0px;border-width: 0px 0px 0px 0px;border-color:#eae9e9;border-style:solid;\" ><div class=\"fusion-builder-row fusion-row\"><div class=\"fusion-layout-column fusion_builder_column fusion-builder-column-0 fusion_builder_column_1_1 1_1 fusion-one-full fusion-column-first fusion-column-last fusion-column-no-min-height\" style=\"margin-top:0px;margin-bottom:0px;\"><div class=\"fusion-column-wrapper fusion-flex-column-wrapper-legacy\" style=\"background-position:left top;background-repeat:no-repeat;-webkit-background-size:cover;-moz-background-size:cover;-o-background-size:cover;background-size:cover;padding: 0px 0px 0px 0px;\"><div class=\"fusion-text fusion-text-1\"><h3 style=\"text-align: center;\">Regulamin dzia\u0142ania UKJKKL<\/h3>\n<\/div><div class=\"fusion-sep-clear\"><\/div><div class=\"fusion-separator\" style=\"margin-left: auto;margin-right: auto;margin-top:5px;margin-bottom:45px;width:100%;max-width:200px;\"><div class=\"fusion-separator-border sep-single sep-solid\" style=\"border-color:#e0e0e0;border-top-width:1px;\"><\/div><\/div><div class=\"fusion-sep-clear\"><\/div><div class=\"fusion-text fusion-text-2\"><ol>\n<li>Pierwsza wizyta zespo\u0142u odbywa si\u0119 na zaproszenie Rektora Uczelni. Czas nast\u0119pnej wizyty oceniaj\u0105cej zale\u017cy od okresu, na jaki przyznano certyfikat jako\u015bci kszta\u0142cenia. Niezale\u017cnie na jaki okres czasu zosta\u0142 przyznany CJK UKJKKL ma obowi\u0105zek w drodze wizytacji przeprowadzanych w ka\u017cdym roku obowi\u0105zywania CJK sprawdzania w jaki spos\u00f3b w\u0142adze Uczelni wdra\u017caj\u0105 w codziennych dzia\u0142aniach zalecenia zawarte w raportach ko\u0144cowych. O terminie wizytacji Przewodnicz\u0105cy UKJKKL zawiadamia Rektora i Dziekana odpowiedniego Wydzia\u0142u.<\/li>\n<li>Najp\u00f3\u017aniej cztery tygodnie przed planowan\u0105 wizyt\u0105, Uczelnia przekazuje UKJKKL elektroniczn\u0105 wersj\u0119 wype\u0142nionego Kwestionariusza Samooceny wraz z niezb\u0119dnymi za\u0142\u0105cznikami.<\/li>\n<li>Wizyt\u0119 Zespo\u0142u Wizytuj\u0105cego poprzedza:\n<ul>\n<li>szczeg\u00f3\u0142owe zapoznanie si\u0119 cz\u0142onk\u00f3w UKJKKL z materia\u0142ami zawartymi w przes\u0142anym Kwestionariuszu Samooceny oraz ich ewentualne uzupe\u0142nienie przez Uczelni\u0119, w obszarach wskazanych przez UKJKKL;<\/li>\n<li>sporz\u0105dzenie przez UKJKKL programu wizyty oceniaj\u0105cej oraz ustalenie jej terminu.<\/li>\n<\/ul>\n<\/li>\n<li>W sk\u0142ad Zespo\u0142u Wizytuj\u0105cego w przypadku wizyt o przyznanie CJK wchodz\u0105 Co najmniej 3 osoby, wybrane spo\u015br\u00f3d cz\u0142onk\u00f3w UKJKKL. Prac\u0105 zespo\u0142u kieruje Przewodnicz\u0105cy UKJKKL lub osoba przez niego wyznaczona. Coroczna weryfikacja przyznanego certyfikatu wykonywana jest przez jedn\u0105 osob\u0119 spo\u015br\u00f3d cz\u0142onk\u00f3w UKJKKL.<\/li>\n<li>W sk\u0142ad Zespo\u0142u Wizytuj\u0105cego nie mo\u017ce wchodzi\u0107 przedstawiciel wizytowanej Uczelni lub osoba w niej pracuj\u0105ca w ci\u0105gu ostatnich 5 lat oraz absolwent tej Uczelni, nawet je\u015bli obecnie pracuje w innej plac\u00f3wce.<\/li>\n<li>Cz\u0142onek UKJKKL, b\u0119d\u0105cy Przedstawicielem wizytowanej Uczelni mo\u017ce by\u0107 zaproszony przez Zesp\u00f3\u0142 Wizytuj\u0105cy dla konsultacji je\u015bli oka\u017ce si\u0119 to konieczne.<\/li>\n<li>Wizyta b\u0119dzie trwa\u0142a 2-3 dni. B\u0119dzie obejmowa\u0142a: robocze spotkania z W\u0142adzami Uczelni\/Wydzia\u0142u oraz wybranymi grupami pracownik\u00f3w Uczelni i studentami, a tak\u017ce wizytacje zaj\u0119\u0107 dydaktycznych oraz ogl\u0105d bazy dydaktyczno-naukowej. . Wst\u0119pne uwagi o wynikach wizyty b\u0119d\u0105 przekazane W\u0142adzom Uczelni w ostatnim dniu wizyty.<\/li>\n<li>W okresie do trzech miesi\u0119cy po zako\u0144czeniu wizyty, Przewodnicz\u0105cy UKJKKL przeka\u017ce Rektorowi Uczelni Raport ko\u0144cowy oparty o analiz\u0119 uzyskanych materia\u0142\u00f3w oraz wyniki wizyty. Uczelnia ma prawo ustosunkowania si\u0119 do tre\u015bci Raportu ko\u0144cowego w ci\u0105gu 30 dni.<\/li>\n<li>Po tym terminie wdro\u017cone zostan\u0105 kolejne etapy post\u0119powania oceniaj\u0105cego, prowadz\u0105ce do przyznania lub odmowy przyznania Certyfikatu Jako\u015bci Kszta\u0142cenia. Od decyzji Komisji przys\u0142uguje Rektorowi Uczelni prawo odwo\u0142ania si\u0119 do Konferencji Rektor\u00f3w Akademickich Uczelni Medycznych, zgodnie z tre\u015bci\u0105 Rozdzia\u0142u V pkt 10 Statutu UKJKKL, z podaniem uzasadnienia tego odwo\u0142ania.<\/li>\n<li>Po zako\u0144czeniu post\u0119powania oceniaj\u0105cego i up\u0142yni\u0119ciu czasu odwo\u0142ania, jak te\u017c ewentualnej procedury odwo\u0142awczej, przygotowany zostanie dokument oceniaj\u0105cy. Spos\u00f3b jego przekazania uzgodniony zostanie z Rektorem zainteresowanej Uczelni.<\/li>\n<li>Uwagi i skargi dotycz\u0105ce realizacji procesu dydaktycznego jak i jako\u015bci kszta\u0142cenia, zg\u0142aszane do UKJKKL przez P.T. Pracownik\u00f3w Uczelni i Student\u00f3w w trakcie wizyty oceniaj\u0105cej umieszczane s\u0105 w raporcie ko\u0144cowym wraz z wyja\u015bnieniami w\u0142adz dzieka\u0144skich.<\/li>\n<li>Niniejszy Regulamin zosta\u0142 przyj\u0119ty przez Konferencj\u0119 Rektor\u00f3w i\u00a0stanowi podstaw\u0119 dzia\u0142ania UKJKKL.<\/li>\n<\/ol>\n<\/div><div class=\"fusion-clearfix\"><\/div><\/div><\/div><div class=\"fusion-layout-column fusion_builder_column fusion-builder-column-1 fusion_builder_column_1_1 1_1 fusion-one-full fusion-column-first fusion-column-last fusion-column-no-min-height\" style=\"margin-top:0px;margin-bottom:0px;\"><div class=\"fusion-column-wrapper fusion-flex-column-wrapper-legacy\" style=\"background-position:left top;background-repeat:no-repeat;-webkit-background-size:cover;-moz-background-size:cover;-o-background-size:cover;background-size:cover;padding: 0px 0px 0px 0px;\"><div class=\"fusion-text fusion-text-3\"><h3 style=\"text-align: center;\">Regulamin dzia\u0142ania Zespo\u0142u Wizytuj\u0105cego UKJKKL<\/h3>\n<\/div><div class=\"fusion-sep-clear\"><\/div><div class=\"fusion-separator\" style=\"margin-left: auto;margin-right: auto;margin-top:5px;margin-bottom:45px;width:100%;max-width:200px;\"><div class=\"fusion-separator-border sep-single sep-solid\" style=\"border-color:#e0e0e0;border-top-width:1px;\"><\/div><\/div><div class=\"fusion-sep-clear\"><\/div><div class=\"fusion-text fusion-text-4\"><ol>\n<li>Analiza materia\u0142\u00f3w nades\u0142anych przez Uczelni\u0119 musi opiera\u0107 si\u0119 na aktualnym Kwestionariuszu Samooceny .<\/li>\n<li>Program wizyty oceniaj\u0105cej do przyznania Certyfikatu Jako\u015bci Kszta\u0142cenia powinien obejmowa\u0107:\n<ul>\n<li>spotkanie z W\u0142adzami (Rektor\/Dziekan\/Prodziekani)<\/li>\n<li>spotkanie z Rad\u0105\/Komisj\u0105 Programow\u0105<\/li>\n<li>spotkanie z kierownictwem zespo\u0142u odpowiedzialnego za wewn\u0119trzn\u0105 kontrol\u0119 jako\u015bci kszta\u0142cenia\/oceniaj\u0105cego jako\u015b\u0107 kszta\u0142cenia<\/li>\n<li>spotkanie z zespo\u0142em odpowiedzialnym za praktyki wakacyjne<\/li>\n<li>spotkanie z komisj\u0105 rekrutacyjn\u0105<\/li>\n<li>spotkanie ze studentami<\/li>\n<li>wizyty w zak\u0142adach nauk podstawowych i przedklinicznych<\/li>\n<li>wizyty w jednostkach prowadz\u0105cych zaj\u0119cia kliniczne (wizyty powinny obejmowa\u0107 wszystkie Szpitale Kliniczne Uczelni, a tak\u017ce jednostki pozaakademickie, prowadz\u0105ce zaj\u0119cia dla student\u00f3w danej Uczelni) oraz w miejscach odbywania praktyk wakacyjnych.<\/li>\n<\/ul>\n<\/li>\n<li>Zako\u0144czenie wizyty polega na spotkaniu z W\u0142adzami Uczelni, przekazaniu dokumentu stwierdzaj\u0105cego realizacj\u0119 programu wizyty oraz om\u00f3wieniu wst\u0119pnych uwag powizytacyjnych.<\/li>\n<li>Program corocznej (jednodniowej) wizyty sprawdzaj\u0105cej obejmuje:\n<ul>\n<li>zapoznanie si\u0119 z Kwestionariuszem Samooceny i zmianami jakie wyst\u0105pi\u0142y w okresie od ostatniej oceny, ewentualnymi wyja\u015bnieniami co do wcze\u015bniejszych uwag Komisji Wizytuj\u0105cej oraz efektami wprowadzonych zmian.<\/li>\n<li>Spotkanie z W\u0142adzami (Dziekan\/Prodziekani)<\/li>\n<li>Ewentualne wizytacje w miejscach co do kt\u00f3rych istnia\u0142y uwagi w ostatniej ocenie<\/li>\n<\/ul>\n<\/li>\n<\/ol>\n<\/div><div class=\"fusion-clearfix\"><\/div><\/div><\/div><\/div><\/div>\n","protected":false},"excerpt":{"rendered":"","protected":false},"author":1,"featured_media":0,"parent":0,"menu_order":0,"comment_status":"closed","ping_status":"closed","template":"","meta":{"footnotes":""},"_links":{"self":[{"href":"https:\/\/ukjkkl.edu.pl\/index.php?rest_route=\/wp\/v2\/pages\/13179"}],"collection":[{"href":"https:\/\/ukjkkl.edu.pl\/index.php?rest_route=\/wp\/v2\/pages"}],"about":[{"href":"https:\/\/ukjkkl.edu.pl\/index.php?rest_route=\/wp\/v2\/types\/page"}],"author":[{"embeddable":true,"href":"https:\/\/ukjkkl.edu.pl\/index.php?rest_route=\/wp\/v2\/users\/1"}],"replies":[{"embeddable":true,"href":"https:\/\/ukjkkl.edu.pl\/index.php?rest_route=%2Fwp%2Fv2%2Fcomments&post=13179"}],"version-history":[{"count":8,"href":"https:\/\/ukjkkl.edu.pl\/index.php?rest_route=\/wp\/v2\/pages\/13179\/revisions"}],"predecessor-version":[{"id":13249,"href":"https:\/\/ukjkkl.edu.pl\/index.php?rest_route=\/wp\/v2\/pages\/13179\/revisions\/13249"}],"wp:attachment":[{"href":"https:\/\/ukjkkl.edu.pl\/index.php?rest_route=%2Fwp%2Fv2%2Fmedia&parent=13179"}],"curies":[{"name":"wp","href":"https:\/\/api.w.org\/{rel}","templated":true}]}}