{"id":13481,"date":"2019-04-12T07:57:14","date_gmt":"2019-04-12T05:57:14","guid":{"rendered":"http:\/\/ukjkkl.edu.pl\/?page_id=13481"},"modified":"2025-03-12T11:56:00","modified_gmt":"2025-03-12T10:56:00","slug":"certificate-of-the-quality-of-education","status":"publish","type":"page","link":"https:\/\/ukjkkl.edu.pl\/?page_id=13481&lang=en","title":{"rendered":"Certificate of the quality of education"},"content":{"rendered":"<div class=\"fusion-fullwidth fullwidth-box fusion-builder-row-1 nonhundred-percent-fullwidth non-hundred-percent-height-scrolling\" style=\"background-color: rgba(255,255,255,0);background-position: center center;background-repeat: no-repeat;padding-top:0px;padding-right:0px;padding-bottom:0px;padding-left:0px;margin-bottom: 0px;margin-top: 0px;border-width: 0px 0px 0px 0px;border-color:#eae9e9;border-style:solid;\" ><div class=\"fusion-builder-row fusion-row\"><div class=\"fusion-layout-column fusion_builder_column fusion-builder-column-0 fusion_builder_column_1_1 1_1 fusion-one-full fusion-column-first fusion-column-last\" style=\"margin-top:0px;margin-bottom:20px;\"><div class=\"fusion-column-wrapper fusion-flex-column-wrapper-legacy\" style=\"background-position:left top;background-repeat:no-repeat;-webkit-background-size:cover;-moz-background-size:cover;-o-background-size:cover;background-size:cover;padding: 0px 0px 0px 0px;\"><div class=\"fusion-text fusion-text-1\"><h2>Wykaz Wydzia\u0142\u00f3w Lekarskich, kt\u00f3re otrzyma\u0142y Certyfikat Jako\u015bci Kszta\u0142cenia<\/h2>\n<ul>\n<li><a href=\"https:\/\/ukjkkl.edu.pl\/wp-content\/uploads\/2025\/03\/Instytut-Nauk-Medycznych-Collegium-Medicum-Uniwersytetu-Jana-Kochanowskiego-w-Kielcach.png\">Instytut Nauk Medycznych Collegium Medicum Uniwersytetu Jana Kochanowskiego w Kielcach<\/a><\/li>\n<li><a href=\"https:\/\/ukjkkl.edu.pl\/wp-content\/uploads\/2025\/03\/Kolegium-Nauk-Medycznych-Uniwersytetu-Rzeszowskiego.png\">Kolegium Nauk Medycznych Uniwersytetu Rzeszowskiego<\/a><\/li>\n<li><a href=\"https:\/\/ukjkkl.edu.pl\/wp-content\/uploads\/2025\/03\/Wydzial-Lekarski-Collegium-Medicum-im.-Ludwika-Rydygiera-w-Bydgoszczy-Uniwersytetu-Mikolaja-Kopernika-w-Toruniu.png\">Wydzia\u0142 Lekarski Collegium Medicum im. Ludwika Rydygiera w Bydgoszczy Uniwersytetu Miko\u0142aja Kopernika w Toruniu<\/a><\/li>\n<li><a href=\"https:\/\/ukjkkl.edu.pl\/wp-content\/uploads\/2025\/03\/Wydzial-Lekarski-Collegium-Medicum-Uniwersytetu-Jagiellonskiego-w-Krakowie.png\">Wydzia\u0142 Lekarski Collegium Medicum Uniwersytetu Jagiello\u0144skiego w Krakowie<\/a><\/li>\n<li><a href=\"https:\/\/ukjkkl.edu.pl\/wp-content\/uploads\/2025\/03\/Wydzial-Lekarski-Collegium-Medicum-Uniwersytetu-Warminsko-Mazurskiego-w-Olsztynie.png\">Wydzia\u0142 Lekarski Collegium Medicum Uniwersytetu Warmi\u0144sko-Mazurskiego w Olsztynie<\/a><\/li>\n<li><a href=\"https:\/\/ukjkkl.edu.pl\/wp-content\/uploads\/2025\/03\/Wydzial-Lekarski-Gdanskiego-Uniwersytetu-Medycznego.png\">Wydzia\u0142 Lekarski Gda\u0144skiego Uniwersytetu Medycznego<\/a><\/li>\n<li><a href=\"https:\/\/ukjkkl.edu.pl\/wp-content\/uploads\/2025\/03\/Wydzial-Lekarski-i-Nauk-o-Zdrowiu-Collegium-Medcium-Uniwersytetu-Zielonogorskiego.png\">Wydzia\u0142 Lekarski i Nauk o Zdrowiu Collegium Medcium Uniwersytetu Zielonog\u00f3rskiego<\/a><\/li>\n<li><a href=\"https:\/\/ukjkkl.edu.pl\/wp-content\/uploads\/2025\/03\/Wydzial-Lekarski-Slaskiego-Uniwersytetu-Medycznego-w-Katowicach.png\">Wydzia\u0142 Lekarski \u015al\u0105skiego Uniwersytetu Medycznego w Katowicach<\/a><\/li>\n<li><a href=\"https:\/\/ukjkkl.edu.pl\/wp-content\/uploads\/2025\/03\/Wydzial-Lekarski-Uniwersytetu-Medycznego-im.-Karola-Marcinkowskiego-w-Poznaniu.png\">Wydzia\u0142 Lekarski Uniwersytetu Medycznego im. Karola Marcinkowskiego w Poznaniu<\/a><\/li>\n<li><a href=\"https:\/\/ukjkkl.edu.pl\/wp-content\/uploads\/2025\/03\/Wydzial-Lekarski-Uniwersytetu-Medycznego-im.-Piastow-Slaskich-we-Wroclawiu.png\">Wydzia\u0142 Lekarski Uniwersytetu Medycznego im. Piast\u00f3w \u015al\u0105skich we Wroc\u0142awiu<\/a><\/li>\n<li><a href=\"https:\/\/ukjkkl.edu.pl\/wp-content\/uploads\/2025\/03\/Wydzial-Lekarski-Uniwersytetu-Medycznego-w-Bialymstoku.png\">Wydzia\u0142 Lekarski Uniwersytetu Medycznego w Bia\u0142ymstoku<\/a><\/li>\n<li><a href=\"https:\/\/ukjkkl.edu.pl\/wp-content\/uploads\/2025\/03\/Wydzial-Lekarski-Uniwersytetu-Medycznego-w-Lublinie.png\">Wydzia\u0142 Lekarski Uniwersytetu Medycznego w Lublinie<\/a><\/li>\n<li><a href=\"https:\/\/ukjkkl.edu.pl\/wp-content\/uploads\/2025\/03\/Wydzial-Lekarski-Uniwersytetu-Medycznego-w-Lodzi.png\">Wydzia\u0142 Lekarski Uniwersytetu Medycznego w \u0141odzi<\/a><\/li>\n<li><a href=\"https:\/\/ukjkkl.edu.pl\/wp-content\/uploads\/2025\/03\/Wydzial-Lekarski-Warszawskiego-Uniwersytetu-Medycznego.png\">Wydzia\u0142 Lekarski Warszawskiego Uniwersytetu Medycznego<\/a><\/li>\n<li><a href=\"https:\/\/ukjkkl.edu.pl\/wp-content\/uploads\/2025\/03\/Wydzial-Medycyny-i-Stomatologii-Pomorskiego-Uniwersytetu-Medycznego-w-Szczecinie.png\">Wydzia\u0142 Medycyny i Stomatologii Pomorskiego Uniwersytetu Medycznego w Szczecinie<\/a><\/li>\n<\/ul>\n<\/div><div class=\"fusion-clearfix\"><\/div><\/div><\/div><\/div><\/div>\n","protected":false},"excerpt":{"rendered":"","protected":false},"author":1,"featured_media":0,"parent":0,"menu_order":0,"comment_status":"closed","ping_status":"closed","template":"","meta":{"footnotes":""},"_links":{"self":[{"href":"https:\/\/ukjkkl.edu.pl\/index.php?rest_route=\/wp\/v2\/pages\/13481"}],"collection":[{"href":"https:\/\/ukjkkl.edu.pl\/index.php?rest_route=\/wp\/v2\/pages"}],"about":[{"href":"https:\/\/ukjkkl.edu.pl\/index.php?rest_route=\/wp\/v2\/types\/page"}],"author":[{"embeddable":true,"href":"https:\/\/ukjkkl.edu.pl\/index.php?rest_route=\/wp\/v2\/users\/1"}],"replies":[{"embeddable":true,"href":"https:\/\/ukjkkl.edu.pl\/index.php?rest_route=%2Fwp%2Fv2%2Fcomments&post=13481"}],"version-history":[{"count":5,"href":"https:\/\/ukjkkl.edu.pl\/index.php?rest_route=\/wp\/v2\/pages\/13481\/revisions"}],"predecessor-version":[{"id":13808,"href":"https:\/\/ukjkkl.edu.pl\/index.php?rest_route=\/wp\/v2\/pages\/13481\/revisions\/13808"}],"wp:attachment":[{"href":"https:\/\/ukjkkl.edu.pl\/index.php?rest_route=%2Fwp%2Fv2%2Fmedia&parent=13481"}],"curies":[{"name":"wp","href":"https:\/\/api.w.org\/{rel}","templated":true}]}}